{"id":816,"date":"2022-03-07T13:33:17","date_gmt":"2022-03-07T12:33:17","guid":{"rendered":"https:\/\/gewaltfrei-erfurt.org\/wordpress\/?page_id=816"},"modified":"2022-03-08T11:16:30","modified_gmt":"2022-03-08T10:16:30","slug":"grundlagen-und-vertiefungsseminar-aachen","status":"publish","type":"page","link":"https:\/\/gewaltfrei-erfurt.org\/wordpress\/grundlagen-und-vertiefungsseminar-aachen\/","title":{"rendered":"Grundlagen- und Vertiefungsseminar Aachen"},"content":{"rendered":"\n<h2 class=\"wp-block-heading\"><strong>Eine Sprache des Lebens<\/strong>, <strong>Grundlagen- und Vertiefungsseminar<\/strong><\/h2>\n\n\n\n<figure class=\"wp-block-image\"><img loading=\"lazy\" decoding=\"async\" width=\"1024\" height=\"621\" src=\"https:\/\/gewaltfrei-erfurt.org\/wordpress\/wp-content\/uploads\/2017\/06\/painted-peacock-3671459-1024x621.jpg\" alt=\"\" class=\"wp-image-155\" srcset=\"https:\/\/gewaltfrei-erfurt.org\/wordpress\/wp-content\/uploads\/2017\/06\/painted-peacock-3671459-1024x621.jpg 1024w, https:\/\/gewaltfrei-erfurt.org\/wordpress\/wp-content\/uploads\/2017\/06\/painted-peacock-3671459-300x182.jpg 300w, https:\/\/gewaltfrei-erfurt.org\/wordpress\/wp-content\/uploads\/2017\/06\/painted-peacock-3671459-768x466.jpg 768w\" sizes=\"auto, (max-width: 767px) 89vw, (max-width: 1000px) 54vw, (max-width: 1071px) 543px, 580px\" \/><\/figure>\n\n\n\n<p>Achtsame und verbindende Kommunikation im Alltag. Es ist neu und anders als ich zu erst gedacht habe&#8230;<\/p>\n\n\n\n<p><strong>Organisation &amp; Einladung: Anne Bontemps<\/strong><\/p>\n\n\n\n<figure class=\"wp-block-image size-large\"><img loading=\"lazy\" decoding=\"async\" width=\"1024\" height=\"683\" src=\"https:\/\/gewaltfrei-erfurt.org\/wordpress\/wp-content\/uploads\/2022\/03\/Bontemps-Anne_101A6380-1-1024x683.jpg\" alt=\"\" class=\"wp-image-819\" srcset=\"https:\/\/gewaltfrei-erfurt.org\/wordpress\/wp-content\/uploads\/2022\/03\/Bontemps-Anne_101A6380-1-1024x683.jpg 1024w, https:\/\/gewaltfrei-erfurt.org\/wordpress\/wp-content\/uploads\/2022\/03\/Bontemps-Anne_101A6380-1-300x200.jpg 300w, https:\/\/gewaltfrei-erfurt.org\/wordpress\/wp-content\/uploads\/2022\/03\/Bontemps-Anne_101A6380-1-768x512.jpg 768w, https:\/\/gewaltfrei-erfurt.org\/wordpress\/wp-content\/uploads\/2022\/03\/Bontemps-Anne_101A6380-1-1536x1024.jpg 1536w, https:\/\/gewaltfrei-erfurt.org\/wordpress\/wp-content\/uploads\/2022\/03\/Bontemps-Anne_101A6380-1-2048x1365.jpg 2048w\" sizes=\"auto, (max-width: 767px) 89vw, (max-width: 1000px) 54vw, (max-width: 1071px) 543px, 580px\" \/><\/figure>\n\n\n\n<p>Als ich angefangen habe meine einene Kommunikation zu hinterfragen und mich bewusst mit meiner Sprache auseinanderzusetzen, habe ich begriffen, wie sehr ich es selber in der Hand habe entweder freud- und lustvoll zu leben oder eng, einsam und in meinem eigenen Kopfkino verhaftet, isoliert von meinen Mitmenschen das Leben und die eigentliche Realit\u00e4t zu verpassen. Die GFK und viele andere Tools haben meine Wahrnehmung und damit mein Leben sehr ver\u00e4ndert. Und ich will, dass so viele Menschen wie m\u00f6glich von diesen sehr effizienten Werkzeugen profitieren k\u00f6nnen.<\/p>\n\n\n\n<p>Meine Begegnung mit Sebastian hat mir gezeigt: Es geht auch anders! Ohne Vorw\u00fcrfe, ohne Schuldzuweisung, ohne Drama. Daf\u00fcr mit Empathie, Verst\u00e4ndnis und Selbstverantwortung. <\/p>\n\n\n\n<p>Sebastian versteht es kompetent und gleichzeitig sehr entspannt Wissen zu vermitteln und kreiert mit Leichtigkeit einen \u00dcbungsraum, in dem man sich gerne ausprobiert. Ich freue mich sehr, dass ich ihn daf\u00fcr gewinnen konnte, einen Kurs bei uns in Aachen anzubieten.<br><br><a href=\"http:\/\/annebontemps.com\" data-type=\"URL\" data-id=\"annebontemps.com\">annebontemps.com<\/a><\/p>\n\n\n\n<p><strong>Termine:<\/strong><\/p>\n\n\n\n<p><strong>08.-10.04.2022<\/strong> Grundlagen und Vertiefungsseminar in Aachen<\/p>\n\n\n\n<p>Fr., 18:00-22:00 Uhr<\/p>\n\n\n\n<p>Sa., 10:00-18:00 Uhr<\/p>\n\n\n\n<p>So., 10:00-14:00 Uhr<\/p>\n\n\n\n<p><strong>Anmeldung:<\/strong><\/p>\n\n\n\n<p>Das Seminar ist geeignet f\u00fcr Menschen ohne und mit Erfahrung in der GFK. Die vermittelten inhaltlichen Kenntnisse und F\u00e4higkeiten beinhalten die Grundlagen und die Vertiefung der GFK.<\/p>\n\n\n\n<p>Damit Ihr Platz reserviert ist und ich Planungssicherheit habe, bitte ich Sie um eine verbindliche Anmeldung. Mit der Anmeldung gelten die <a href=\"https:\/\/gewaltfrei-erfurt.org\/wordpress\/allgemeine-geschaeftsbedingungen\/\">Allgemeinen Gesch\u00e4ftsbedingungen<\/a><\/p>\n\n\n\n<div class=\"wp-block-image\"><figure class=\"alignright size-large is-resized\"><a href=\"mailto:info@gewaltfrei-erfurt.de?subject=Anmeldung%20GFK-Seminar%20Aachen&amp;Body=Hallo,%0a%0aAnmeldung%20bitte%20mit%0aName%3a%0aVorname%3a%0aAdresse%3a%0aTelephon%3a%0aDatum%20des%20Seminars%3a%0a%0aVielen%20Dank%21\"><img loading=\"lazy\" decoding=\"async\" src=\"https:\/\/gewaltfrei-erfurt.org\/wordpress\/wp-content\/uploads\/2020\/01\/button-24843_Hier_anmelden-1024x320.png\" alt=\"\" class=\"wp-image-431\" width=\"256\" height=\"64\"\/><\/a><\/figure><\/div>\n\n\n\n<p><a href=\"mailto:info@gewaltfrei-erfurt.de\">info@gewaltfrei-erfurt.de<\/a><\/p>\n\n\n\n<p>mit Vorname, Name, Anschrift, E-Mail und Telefon. (bitte angeben)<\/p>\n\n\n\n<p><strong>Eine Sprache des Lebens &#8211; Achtsame Begegnungen<\/strong><\/p>\n\n\n\n<p>Die Methode der gewaltfreien Kommunikation hilft, Verst\u00e4ndnis f\u00fcr mich und den anderen auf eine tiefere Weise zu erm\u00f6glichen und so in einen bed\u00fcrfnisorientierten, lebendigen Kontakt zu kommen. Die Methode deckt die subtile Gewalt der Alltagssprache auf und zeigt einen neuen Weg, um ehrlich, liebevoll, zielstrebig, authentisch und wertsch\u00e4tzend zu sein.<br>Neben den methodischen Inputs geht es vor allem um das praktische \u00dcben der GFK. Die innere Haltung und die Sprache werden in dem Seminar direkt erfahrbar. Dazu schaffen wir einen sicheren Raum, in dem sich jede&#8217;r zeigen kann. In \u00dcbungen zu zweit oder in Kleingruppen, mit Rollenspielen und eigenen Beispielen erh\u00e4lt jede&#8217;r die M\u00f6glichkeit, die einzelnen Elemente der Methode praktisch auszuprobieren und in ihrer Ganzheit umzusetzen.<br>Ich freue mich auf Dich,<\/p>\n\n\n\n<p>Sebastian.<\/p>\n\n\n\n<p><strong>Preis in Eigenverantwortung<\/strong><\/p>\n\n\n\n<p>Ich m\u00f6chte f\u00fcr alle Menschen den Zugang zu diesen Erfahrungsr\u00e4umen der Gewaltfreien Kommunikation m\u00f6glichst leicht machen.<\/p>\n\n\n\n<p>Die Kursgeb\u00fchr (ohne VP\/\u00dc) betr\u00e4gt f\u00fcr dieses Wochenendseminar zwischen 320\u20ac und 160\u20ac je nach Einkommen. Bitte sch\u00e4tzen sie selbst ein, welcher Teil Ihres Einkommens angemessen ist. <\/p>\n\n\n\n<p>Damit ihr Platz gebucht ist und ich <strong>Planungssicherheit<\/strong> habe, bitte ich sie um eine Anzahlung von 100\u20ac. Bitte \u00fcberweisen sie den vollen Beitrag bis 14 Tage vor dem Seminar.<\/p>\n\n\n\n<p>Das Geld das ich bekomme erm\u00f6glicht mir dieses und weiter Seminare in dieser Form anzubieten. Mit Ihrem hohen Beitrag sorgen sie somit auch daf\u00fcr achtsame und verbindende Kommunikation mit niedrigen Finanzschwellen an m\u00f6glichst viele Menschen weiter zu geben. Ich w\u00fcnsche mir eine Welt in der es um die Bed\u00fcrfnisse aller geht.<\/p>\n\n\n\n<p><strong>GFK-Trainer Sebastian Podleska<\/strong><\/p>\n\n\n\n<figure class=\"wp-block-image size-full\"><img loading=\"lazy\" decoding=\"async\" width=\"707\" height=\"471\" src=\"https:\/\/gewaltfrei-erfurt.org\/wordpress\/wp-content\/uploads\/2022\/03\/Podleska-Sebastian-02.jpg\" alt=\"\" class=\"wp-image-820\" srcset=\"https:\/\/gewaltfrei-erfurt.org\/wordpress\/wp-content\/uploads\/2022\/03\/Podleska-Sebastian-02.jpg 707w, https:\/\/gewaltfrei-erfurt.org\/wordpress\/wp-content\/uploads\/2022\/03\/Podleska-Sebastian-02-300x200.jpg 300w\" sizes=\"auto, (max-width: 707px) 100vw, 707px\" \/><\/figure>\n\n\n\n<p>Ich bin Trainer f\u00fcr Gewaltfreie Kommunikation in Zert. CNVC (Center for Nonviolent Communication, <a href=\"http:\/\/cnvc.org\">www.cnvc.org<\/a>), Mitglied im Zentrum GFK Th\u00fcringen e.V. (www.gewaltfrei-th\u00fcringen.de),\u00a0 SK-Moderator f\u00fcr Systemisches Konsensieren (<a href=\"http:\/\/sk-prinzip.eu\">sk-prinzip.eu<\/a>) und Life Coach f\u00fcr gl\u00fcckliche Beziehungen.<\/p>\n\n\n\n<p>Ich liebe das Leben. Ich liebe echten und wahren Kontakt zwischen Menschen. Ich stehe f\u00fcr eine heilsame Verbindung zu mir selbst und zu anderen. Ich baue an einer Welt, in der Menschen sich und andere in ihrer Tiefe erkennen, in der sie geborgen und gehalten sind und aus der sie heraus ihre Schaffenskraft und Wirksamkeit f\u00fcr einander und f\u00fcr das Leben auf dieser Erde einsetzen.<\/p>\n\n\n\n<p><strong>Anmeldung:<\/strong><\/p>\n\n\n\n<p>Damit Ihr Platz reserviert ist und ich Planungssicherheit habe, bitte ich Sie um eine verbindliche Anmeldung. Mit der Anmeldung gelten die <a href=\"https:\/\/gewaltfrei-erfurt.org\/wordpress\/allgemeine-geschaeftsbedingungen\/\">Allgemeinen Gesch\u00e4ftsbedingungen<\/a><\/p>\n\n\n\n<div class=\"wp-block-image\"><figure class=\"alignright size-large is-resized\"><a href=\"mailto:info@gewaltfrei-erfurt.de?subject=Anmeldung%20GFK-Seminar%20Aachen&amp;Body=Hallo,%0a%0aAnmeldung%20bitte%20mit%0aName%3a%0aVorname%3a%0aAdresse%3a%0aTelephon%3a%0aDatum%20des%20Seminars%3a%0a%0aVielen%20Dank%21\"><img loading=\"lazy\" decoding=\"async\" src=\"https:\/\/gewaltfrei-erfurt.org\/wordpress\/wp-content\/uploads\/2020\/01\/button-24843_Hier_anmelden-1024x320.png\" alt=\"\" class=\"wp-image-431\" width=\"256\" height=\"64\"\/><\/a><\/figure><\/div>\n\n\n\n<p><a href=\"mailto:info@gewaltfrei-erfurt.de\">info@gewaltfrei-erfurt.de<\/a><\/p>\n\n\n\n<p>mit Vorname, Name, Anschrift, E-Mail und Telefon. (bitte angeben)<\/p>\n","protected":false},"excerpt":{"rendered":"<p>Eine Sprache des Lebens, Grundlagen- und Vertiefungsseminar Achtsame und verbindende Kommunikation im Alltag. Es ist neu und anders als ich zu erst gedacht habe&#8230; Organisation &amp; Einladung: Anne Bontemps Als ich angefangen habe meine einene Kommunikation zu hinterfragen und mich bewusst mit meiner Sprache auseinanderzusetzen, habe ich begriffen, wie sehr ich es selber in der &hellip; <\/p>\n<p class=\"link-more\"><a href=\"https:\/\/gewaltfrei-erfurt.org\/wordpress\/grundlagen-und-vertiefungsseminar-aachen\/\" class=\"more-link\"><span class=\"screen-reader-text\">\u201eGrundlagen- und Vertiefungsseminar Aachen\u201c<\/span> weiterlesen<\/a><\/p>\n","protected":false},"author":3,"featured_media":0,"parent":0,"menu_order":0,"comment_status":"closed","ping_status":"closed","template":"","meta":{"footnotes":""},"class_list":["post-816","page","type-page","status-publish","hentry"],"_links":{"self":[{"href":"https:\/\/gewaltfrei-erfurt.org\/wordpress\/wp-json\/wp\/v2\/pages\/816","targetHints":{"allow":["GET"]}}],"collection":[{"href":"https:\/\/gewaltfrei-erfurt.org\/wordpress\/wp-json\/wp\/v2\/pages"}],"about":[{"href":"https:\/\/gewaltfrei-erfurt.org\/wordpress\/wp-json\/wp\/v2\/types\/page"}],"author":[{"embeddable":true,"href":"https:\/\/gewaltfrei-erfurt.org\/wordpress\/wp-json\/wp\/v2\/users\/3"}],"replies":[{"embeddable":true,"href":"https:\/\/gewaltfrei-erfurt.org\/wordpress\/wp-json\/wp\/v2\/comments?post=816"}],"version-history":[{"count":9,"href":"https:\/\/gewaltfrei-erfurt.org\/wordpress\/wp-json\/wp\/v2\/pages\/816\/revisions"}],"predecessor-version":[{"id":837,"href":"https:\/\/gewaltfrei-erfurt.org\/wordpress\/wp-json\/wp\/v2\/pages\/816\/revisions\/837"}],"wp:attachment":[{"href":"https:\/\/gewaltfrei-erfurt.org\/wordpress\/wp-json\/wp\/v2\/media?parent=816"}],"curies":[{"name":"wp","href":"https:\/\/api.w.org\/{rel}","templated":true}]}}